{"id":1392,"date":"2025-08-08T08:54:33","date_gmt":"2025-08-08T07:54:33","guid":{"rendered":"https:\/\/basellodging.ch\/dienstleistungen\/"},"modified":"2026-02-02T11:26:37","modified_gmt":"2026-02-02T10:26:37","slug":"services","status":"publish","type":"page","link":"https:\/\/basellodging.ch\/de\/services\/","title":{"rendered":"Services"},"content":{"rendered":"\r\n<section style=\"background-color: #022038\"  class=\"hero-banner-type-1 section-support-align bg-primary text-white py-8 sm:py-12 lg:py-16 flex items-center\">\r\n    <div class=\"w-full max-w-6xl mx-auto px-4 sm:px-6 lg:px-8 text-left\">\r\n        <h1 class=\"text-3xl sm:text-4xl lg:text-5xl font-bold mb-4 sm:mb-6\"> BASELLODGING macht Wohnen einfach<\/h1>\r\n        <p class=\"text-base sm:text-lg lg:text-xl mb-4 sm:mb-6 opacity-90\"> Bei BASELLODGING erh\u00e4ltst du Apartments mit Services, die das Leben leichter machen \u2013 von regelm\u00e4ssiger Reinigung, frisch bezogenen Betten &amp; Handt\u00fcchern bis hin zu voll ausgestatteten K\u00fcchen. Zus\u00e4tzlich bieten wir flexible Extras wie Fitnessangebote und Parkm\u00f6glichkeiten.  <\/p>\r\n    <\/div>\r\n<\/section>\r\n\r\n<section class=\"section-grid-block section-support-align py-8 sm:py-12 lg:py-16 bg-[#f9fafb] \">\r\n    <div class=\"max-w-6xl mx-auto px-4 sm:px-6 lg:px-8\">\r\n        <div class=\"grid grid-cols-1 lg:grid-cols-2 gap-12 items-center\">\r\n\r\n                            <!-- Image Left -->\r\n                <div class=\"hidden lg:block\">\r\n                    <div class=\"bg-card text-card-foreground border border-gray-200 rounded-lg shadow-sm\">\r\n                        <div class=\"p-6\">\r\n                            <img decoding=\"async\" src=\"https:\/\/basellodging.ch\/wp-content\/uploads\/2025\/08\/87d7f133-4e26-4719-bffd-cbf68d816910.png\"\r\n                                 alt=\"Wohnkomfort\"\r\n                                 class=\"w-full h-[350px] object-cover rounded-lg\">\r\n                        <\/div>\r\n                    <\/div>\r\n                <\/div>\r\n\r\n                <!-- Text Content Right -->\r\n                <div class=\"flex flex-col justify-center\">\r\n                    <div class=\"mb-8\">\r\n                                                    <img decoding=\"async\" src=\"https:\/\/basellodging.ch\/wp-content\/uploads\/2025\/09\/basellodging-house-plus-blue.svg\" alt=\"Wohnkomfort\" class=\"lucide lucide-building2 w-6 h-6 mb-3\">\r\n                                                <h2 class=\"text-3xl font-bold text-basel-gray mb-2\">Wohnkomfort<\/h2>\r\n                    <\/div>\r\n\r\n                    <div class=\"mb-6 custom-content\">\r\n                    <p class=\"text-base text-gray-600 leading-relaxed\">Sofort bezugsfertige Apartments &#8211; perfekt f\u00fcr Neuank\u00f6mmlinge, Vielreisende oder alle, die Komfort und Flexibilit\u00e4t sch\u00e4tzen.<\/p>\n<p class=\"text-base text-gray-600 leading-relaxed\">&nbsp;<\/p>\n<ul class=\"text-gray-600\">\n<li>Vollst\u00e4ndig m\u00f6bliert mit stilvollem Design<\/li>\n<li>Ausgestattete K\u00fcche<\/li>\n<li>Frische Bettw\u00e4sche und Handt\u00fccher inklusive<\/li>\n<\/ul>\n                    <\/div>\r\n\r\n                                            <a href=\"https:\/\/basellodging.ch\/apartments-overview\/\"\r\n                           target=\"_self\"\r\n                           class=\"link inline-flex items-center justify-center gap-2 whitespace-nowrap text-sm font-medium ring-offset-background transition-colors focus-visible:outline-none focus-visible:ring-2 focus-visible:ring-ring focus-visible:ring-offset-2 disabled:pointer-events-none disabled:opacity-50 [&#038;_svg]:pointer-events-none [&#038;_svg]:size-4 [&#038;_svg]:shrink-0 bg-primary text-primary-foreground hover:bg-primary\/90 h-11 rounded-md px-6 py-3\">\r\n                            \u00dcbersicht Apartments                        <\/a>\r\n                                    <\/div>\r\n            \r\n        <\/div>\r\n    <\/div>\r\n<\/section>\r\n\r\n<section class=\"section-grid-block section-support-align py-8 sm:py-12 lg:py-16 bg-[#f9fafb] \">\r\n    <div class=\"max-w-6xl mx-auto px-4 sm:px-6 lg:px-8\">\r\n        <div class=\"grid grid-cols-1 lg:grid-cols-2 gap-12 items-center\">\r\n\r\n                            <!-- Text Content Left -->\r\n                <div class=\"flex flex-col justify-center\">\r\n                    <div class=\"mb-8\">\r\n                                                    <img decoding=\"async\" src=\"https:\/\/basellodging.ch\/wp-content\/uploads\/2025\/09\/basellodging-bell-plus-blue.svg\" alt=\"Rundum-Service f\u00fcr dich\" class=\"lucide lucide-building2 w-6 h-6 mb-3\">\r\n                                                <h2 class=\"text-3xl font-bold text-basel-gray mb-2\">Rundum-Service f\u00fcr dich<\/h2>\r\n                    <\/div>\r\n                    <div class=\"mb-6 custom-content\">\r\n                        <p class=\"text-base text-gray-600 leading-relaxed\">Wir k\u00fcmmern uns um die wichtigen Dinge.<\/p>\n<p class=\"text-base text-gray-600 leading-relaxed\">&nbsp;<\/p>\n<ul class=\"text-gray-600\">\n<li>Monatliche Reinigung inklusive; zus\u00e4tzliche Reinigung auf Wunsch<\/li>\n<li>Waschm\u00f6glichkeiten in jedem Apartment oder Geb\u00e4ude, einige mit digitalen Waschsystemen<\/li>\n<li>Flexible An- und Abreise (Selbst-Check-in m\u00f6glich)<\/li>\n<li>Digitale Vertr\u00e4ge und Buchung<\/li>\n<li>Schnelle Unterst\u00fctzung bei Wartung oder Fragen<\/li>\n<\/ul>\n                    <\/div>\r\n\r\n                                    <\/div>\r\n\r\n                <!-- Image Right -->\r\n                <div class=\"hidden lg:block\">\r\n                    <div class=\"bg-card text-card-foreground border border-gray-200 rounded-lg shadow-sm\">\r\n                        <div class=\"p-6\">\r\n                            <img decoding=\"async\" src=\"https:\/\/basellodging.ch\/wp-content\/uploads\/2025\/08\/1aa3b81f-d075-4d3a-8b38-6b62703988e3-1.png\"\r\n                                 alt=\"Rundum-Service f\u00fcr dich\"\r\n                                 class=\"w-full h-[350px] object-cover rounded-lg\">\r\n                        <\/div>\r\n                    <\/div>\r\n                <\/div>\r\n            \r\n        <\/div>\r\n    <\/div>\r\n<\/section>\r\n\r\n<section class=\"section-grid-block section-support-align py-8 sm:py-12 lg:py-16 bg-[#f9fafb] \">\r\n    <div class=\"max-w-6xl mx-auto px-4 sm:px-6 lg:px-8\">\r\n        <div class=\"grid grid-cols-1 lg:grid-cols-2 gap-12 items-center\">\r\n\r\n                            <!-- Image Left -->\r\n                <div class=\"hidden lg:block\">\r\n                    <div class=\"bg-card text-card-foreground border border-gray-200 rounded-lg shadow-sm\">\r\n                        <div class=\"p-6\">\r\n                            <img decoding=\"async\" src=\"https:\/\/basellodging.ch\/wp-content\/uploads\/2025\/08\/f693f03b-7c35-41ed-872f-28c07d921a0f.png\"\r\n                                 alt=\"Zus\u00e4tzliche Vorteile\"\r\n                                 class=\"w-full h-[350px] object-cover rounded-lg\">\r\n                        <\/div>\r\n                    <\/div>\r\n                <\/div>\r\n\r\n                <!-- Text Content Right -->\r\n                <div class=\"flex flex-col justify-center\">\r\n                    <div class=\"mb-8\">\r\n                                                    <img decoding=\"async\" src=\"https:\/\/basellodging.ch\/wp-content\/uploads\/2025\/09\/basellodging-grid-plus-blue.svg\" alt=\"Zus\u00e4tzliche Vorteile\" class=\"lucide lucide-building2 w-6 h-6 mb-3\">\r\n                                                <h2 class=\"text-3xl font-bold text-basel-gray mb-2\">Zus\u00e4tzliche Vorteile<\/h2>\r\n                    <\/div>\r\n\r\n                    <div class=\"mb-6 custom-content\">\r\n                    <p class=\"text-base text-gray-600 leading-relaxed\">Mehrwerte f\u00fcr deinen Aufenthalt.<\/p>\n<p class=\"text-base text-gray-600 leading-relaxed\">&nbsp;<\/p>\n<ul class=\"text-gray-600\">\n<li><strong><a href=\"http:\/\/www.fitpass.ch\" target=\"_blank\" rel=\"noopener\">Fitpass<\/a><\/strong> &#8211; Zugang zu Fitnessstudios und Wellnesseinrichtungen in der ganzen Schweiz! (Derzeit nur f\u00fcr Langzeitmieter verf\u00fcgbar.)<\/li>\n<li><strong><a href=\"http:\/\/www.parcandi.ch\" target=\"_blank\" rel=\"noopener\">Parcandi<\/a> <\/strong>&#8211; intelligente und flexible Parkl\u00f6sungen in deinem Geb\u00e4ude oder in der N\u00e4he deiner Wohnung<\/li>\n<\/ul>\n                    <\/div>\r\n\r\n                                    <\/div>\r\n            \r\n        <\/div>\r\n    <\/div>\r\n<\/section>\r\n\r\n<section class=\"section-info-block section-support-align pt-24 pb-12 bg-white \">\r\n    <div class=\"max-w-5xl mx-auto px-4 sm:px-6 lg:px-8\">\r\n        <div class=\"wrap-info-items\">\r\n                    <\/div>\r\n    <\/div>\r\n<\/section>\n<p><\/p>\n","protected":false},"excerpt":{"rendered":"","protected":false},"author":1,"featured_media":0,"parent":0,"menu_order":0,"comment_status":"closed","ping_status":"closed","template":"","meta":{"_acf_changed":false,"footnotes":""},"class_list":["post-1392","page","type-page","status-publish","hentry"],"acf":[],"_links":{"self":[{"href":"https:\/\/basellodging.ch\/de\/wp-json\/wp\/v2\/pages\/1392","targetHints":{"allow":["GET"]}}],"collection":[{"href":"https:\/\/basellodging.ch\/de\/wp-json\/wp\/v2\/pages"}],"about":[{"href":"https:\/\/basellodging.ch\/de\/wp-json\/wp\/v2\/types\/page"}],"author":[{"embeddable":true,"href":"https:\/\/basellodging.ch\/de\/wp-json\/wp\/v2\/users\/1"}],"replies":[{"embeddable":true,"href":"https:\/\/basellodging.ch\/de\/wp-json\/wp\/v2\/comments?post=1392"}],"version-history":[{"count":32,"href":"https:\/\/basellodging.ch\/de\/wp-json\/wp\/v2\/pages\/1392\/revisions"}],"predecessor-version":[{"id":2851,"href":"https:\/\/basellodging.ch\/de\/wp-json\/wp\/v2\/pages\/1392\/revisions\/2851"}],"wp:attachment":[{"href":"https:\/\/basellodging.ch\/de\/wp-json\/wp\/v2\/media?parent=1392"}],"curies":[{"name":"wp","href":"https:\/\/api.w.org\/{rel}","templated":true}]}}